{"id":141,"date":"2023-09-07T23:36:59","date_gmt":"2023-09-07T21:36:59","guid":{"rendered":"https:\/\/manaco.com.bo\/founders-day\/?page_id=141"},"modified":"2023-09-12T17:28:34","modified_gmt":"2023-09-12T15:28:34","slug":"beneficiarios","status":"publish","type":"page","link":"https:\/\/manaco.com.bo\/founders-day\/beneficiarios\/","title":{"rendered":"Beneficiarios"},"content":{"rendered":"<p>[et_pb_section fb_built=\u00bb1&#8243; _builder_version=\u00bb4.22.1&#8243; _module_preset=\u00bbdefault\u00bb background_enable_color=\u00bboff\u00bb background_image=\u00bbhttps:\/\/manaco.com.bo\/founders-day\/wp-content\/uploads\/2023\/09\/Asset-58.png\u00bb custom_padding=\u00bb7em||7em||true|false\u00bb hover_enabled=\u00bb0&#8243; global_colors_info=\u00bb{}\u00bb custom_padding_last_edited=\u00bbon|phone\u00bb sticky_enabled=\u00bb0&#8243; custom_padding_tablet=\u00bb4em||4em||true|false\u00bb custom_padding_phone=\u00bb2em||2em||true|false\u00bb][et_pb_row _builder_version=\u00bb4.22.1&#8243; _module_preset=\u00bbdefault\u00bb global_colors_info=\u00bb{}\u00bb][et_pb_column type=\u00bb4_4&#8243; _builder_version=\u00bb4.22.1&#8243; _module_preset=\u00bbdefault\u00bb global_colors_info=\u00bb{}\u00bb][et_pb_text _builder_version=\u00bb4.22.1&#8243; _module_preset=\u00bbdefault\u00bb text_font=\u00bbMontserrat|700|||||||\u00bb text_text_color=\u00bb#FFFFFF\u00bb text_font_size=\u00bb3.7rem\u00bb text_line_height=\u00bb3.7rem\u00bb text_orientation=\u00bbcenter\u00bb custom_margin=\u00bb||18px|||\u00bb text_font_size_tablet=\u00bb2.7rem\u00bb text_font_size_phone=\u00bb2.1rem\u00bb text_font_size_last_edited=\u00bbon|phone\u00bb text_line_height_tablet=\u00bb2.7rem\u00bb text_line_height_phone=\u00bb2.1rem\u00bb text_line_height_last_edited=\u00bbon|tablet\u00bb global_colors_info=\u00bb{}\u00bb]<\/p>\n<p>Beneficiarios<\/p>\n<p>[\/et_pb_text][\/et_pb_column][\/et_pb_row][\/et_pb_section][et_pb_section fb_built=\u00bb1&#8243; custom_padding_last_edited=\u00bbon|phone\u00bb _builder_version=\u00bb4.22.1&#8243; _module_preset=\u00bbdefault\u00bb custom_padding=\u00bb20px||20px||true|\u00bb custom_padding_tablet=\u00bb20px||20px||true|\u00bb custom_padding_phone=\u00bb57px||57px||true|false\u00bb global_colors_info=\u00bb{}\u00bb][et_pb_row _builder_version=\u00bb4.22.1&#8243; _module_preset=\u00bbdefault\u00bb custom_padding=\u00bb0px||0px|||\u00bb global_colors_info=\u00bb{}\u00bb][et_pb_column type=\u00bb4_4&#8243; _builder_version=\u00bb4.22.1&#8243; _module_preset=\u00bbdefault\u00bb global_colors_info=\u00bb{}\u00bb][et_pb_text _builder_version=\u00bb4.22.1&#8243; _module_preset=\u00bbdefault\u00bb text_font=\u00bbMontserrat|700|||||||\u00bb text_text_color=\u00bb#000000&#8243; text_font_size=\u00bb2.7rem\u00bb text_line_height=\u00bb2.7rem\u00bb text_orientation=\u00bbcenter\u00bb custom_margin=\u00bb||0px|||\u00bb text_font_size_tablet=\u00bb2.2rem\u00bb text_font_size_phone=\u00bb1.7rem\u00bb text_font_size_last_edited=\u00bbon|phone\u00bb text_line_height_tablet=\u00bb2.2rem\u00bb text_line_height_phone=\u00bb1.7rem\u00bb text_line_height_last_edited=\u00bbon|phone\u00bb global_colors_info=\u00bb{}\u00bb]<\/p>\n<p>Hogares de ni\u00f1os que ser\u00e1n beneficiados<\/p>\n<p>[\/et_pb_text][et_pb_text content_tablet=\u00bb<\/p>\n<p>Tu aporte har\u00e1 una gran diferencia en la vida de m\u00e1s de 230<br \/>ni\u00f1os en situaciones vulnerables.<\/p>\n<p>\u00bb content_phone=\u00bb<\/p>\n<p>Tu aporte har\u00e1 una gran diferencia en la vida de m\u00e1s de 230 ni\u00f1os en situaciones vulnerables.<\/p>\n<p>\u00bb content_last_edited=\u00bbon|phone\u00bb _builder_version=\u00bb4.22.1&#8243; _module_preset=\u00bbdefault\u00bb text_font=\u00bbMontserrat||||||||\u00bb text_text_color=\u00bb#000000&#8243; text_font_size=\u00bb1.7rem\u00bb text_line_height=\u00bb1.7rem\u00bb text_orientation=\u00bbcenter\u00bb custom_padding=\u00bb14px|||||\u00bb text_font_size_tablet=\u00bb1rem\u00bb text_font_size_phone=\u00bb1rem\u00bb text_font_size_last_edited=\u00bbon|phone\u00bb text_line_height_tablet=\u00bb1rem\u00bb text_line_height_phone=\u00bb1rem\u00bb text_line_height_last_edited=\u00bbon|tablet\u00bb global_colors_info=\u00bb{}\u00bb]<\/p>\n<p>Tu aporte har\u00e1 una gran diferencia en la vida de m\u00e1s de 230<br \/>ni\u00f1os en situaciones vulnerables.<\/p>\n<p>[\/et_pb_text][\/et_pb_column][\/et_pb_row][\/et_pb_section][et_pb_section fb_built=\u00bb1&#8243; custom_padding_last_edited=\u00bbon|phone\u00bb _builder_version=\u00bb4.22.1&#8243; _module_preset=\u00bbdefault\u00bb background_color=\u00bb#80cbb2&#8243; background_image=\u00bbhttps:\/\/manaco.com.bo\/founders-day\/wp-content\/uploads\/2023\/09\/Asset-59.png\u00bb custom_padding=\u00bb37px||37px||true|\u00bb custom_padding_tablet=\u00bb77px||77px||true|false\u00bb custom_padding_phone=\u00bb47px||47px||true|false\u00bb global_colors_info=\u00bb{}\u00bb][et_pb_row use_custom_gutter=\u00bbon\u00bb gutter_width=\u00bb2&#8243; _builder_version=\u00bb4.22.1&#8243; _module_preset=\u00bbdefault\u00bb custom_padding=\u00bb0px||0px||true|\u00bb global_colors_info=\u00bb{}\u00bb][et_pb_column type=\u00bb4_4&#8243; _builder_version=\u00bb4.22.1&#8243; _module_preset=\u00bbdefault\u00bb global_colors_info=\u00bb{}\u00bb][et_pb_text _builder_version=\u00bb4.22.1&#8243; _module_preset=\u00bbdefault\u00bb text_font=\u00bbMontserrat|700|||||||\u00bb text_text_color=\u00bb#80cbb2&#8243; text_font_size=\u00bb2.5rem\u00bb text_line_height=\u00bb2.7rem\u00bb background_color=\u00bb#FFFFFF\u00bb custom_margin=\u00bb||18px|||\u00bb custom_padding=\u00bb4px|10px|4px|10px|true|true\u00bb text_font_size_tablet=\u00bb2rem\u00bb text_font_size_phone=\u00bb1.7rem\u00bb text_font_size_last_edited=\u00bbon|phone\u00bb text_line_height_tablet=\u00bb2rem\u00bb text_line_height_phone=\u00bb1.7rem\u00bb text_line_height_last_edited=\u00bbon|tablet\u00bb custom_css_main_element=\u00bbdisplay: inline-block;\u00bb global_colors_info=\u00bb{}\u00bb]<\/p>\n<p>Mosoj Yan<\/p>\n<p>[\/et_pb_text][et_pb_text _builder_version=\u00bb4.22.1&#8243; _module_preset=\u00bbdefault\u00bb text_font=\u00bbMontserrat||||||||\u00bb text_text_color=\u00bb#FFFFFF\u00bb text_font_size=\u00bb1.2rem\u00bb text_line_height=\u00bb1.7rem\u00bb text_orientation=\u00bbjustified\u00bb text_font_size_tablet=\u00bb1rem\u00bb text_font_size_phone=\u00bb0.9rem\u00bb text_font_size_last_edited=\u00bbon|phone\u00bb text_line_height_tablet=\u00bb1.4rem\u00bb text_line_height_phone=\u00bb1.3rem\u00bb text_line_height_last_edited=\u00bbon|tablet\u00bb global_colors_info=\u00bb{}\u00bb]<\/p>\n<p>Que en quechua significa: Camino Nuevo, es un programa cristiano que apoya procesos de cambio de ni\u00f1as y adolescentes quienes, por las precarias condiciones ec\u00f3nomicas de sus familias, se ven obligadas a trabajar desde temprana edad. Este hecho ha ocasionado que muchas ni\u00f1as y adolescentes, por razones de violencia, abandono familiar, explotaci\u00f3n sexual y laboral, paulatinamente encuentren en las calles una &#8216;mejor&#8217; vida. Mosoj Yan trabaja como estrategia en la prevenci\u00f3n, evitando que muchas ni\u00f1as y adolescentes terminen vagando en las calles de Cochabamba. Asimismo, apoya en procesos de desintoxicaci\u00f3n, cuando ya las ni\u00f1as y adolescentes tienen una vivencia en calle y tambi\u00e9n dando hogar a ni\u00f1as y adolecentes que sufrieron violencia sexual. El programa actualmente cuenta con los siguientes proyectos: &#8211; Centro de ni\u00f1as y adolescentes trabajadoras. &#8211; Centro de Motivaci\u00f3n. &#8211; Centro de Renovaci\u00f3n. &#8211; Albergue de Restauraci\u00f3n.<\/p>\n<p>Y \u00e9stas 2 estrategias de acci\u00f3n: &#8211; Estrategia de Productividad Social (EPS) &#8211; Estrategia de Movilizaci\u00f3n de Recursos (EMR).<\/p>\n<p><strong>Necesidad de apoyo<\/strong><br \/>Se efectu\u00f3 ya un apoyo significativo en la refacci\u00f3n de ba\u00f1os del hogar de transcicion de las ni\u00f1as violentadas sexualmente. CAMAS DOBLES DE FIERRO PARA LOS CUARTOS 8 CAMAS (Cada cama a Bs.-750).<\/p>\n<p><strong>Ni\u00f1os<\/strong><br \/>15 ni\u00f1as.<\/p>\n<p>[\/et_pb_text][\/et_pb_column][\/et_pb_row][\/et_pb_section][et_pb_section fb_built=\u00bb1&#8243; custom_padding_last_edited=\u00bbon|phone\u00bb _builder_version=\u00bb4.22.1&#8243; _module_preset=\u00bbdefault\u00bb background_color=\u00bb#80cbb2&#8243; background_image=\u00bbhttps:\/\/manaco.com.bo\/founders-day\/wp-content\/uploads\/2023\/09\/Asset-60.png\u00bb custom_padding=\u00bb37px||37px||true|\u00bb custom_padding_tablet=\u00bb77px||77px||true|false\u00bb custom_padding_phone=\u00bb47px||47px||true|false\u00bb global_colors_info=\u00bb{}\u00bb][et_pb_row use_custom_gutter=\u00bbon\u00bb gutter_width=\u00bb2&#8243; _builder_version=\u00bb4.22.1&#8243; _module_preset=\u00bbdefault\u00bb custom_padding=\u00bb0px||0px||true|\u00bb global_colors_info=\u00bb{}\u00bb][et_pb_column type=\u00bb4_4&#8243; _builder_version=\u00bb4.22.1&#8243; _module_preset=\u00bbdefault\u00bb global_colors_info=\u00bb{}\u00bb][et_pb_text _builder_version=\u00bb4.22.1&#8243; _module_preset=\u00bbdefault\u00bb text_font=\u00bbMontserrat|700|||||||\u00bb text_text_color=\u00bb#e886b5&#8243; text_font_size=\u00bb2.5rem\u00bb text_line_height=\u00bb2.7rem\u00bb background_color=\u00bb#FFFFFF\u00bb custom_margin=\u00bb||18px|||\u00bb custom_padding=\u00bb4px|10px|4px|10px|true|true\u00bb text_font_size_tablet=\u00bb2rem\u00bb text_font_size_phone=\u00bb1.7rem\u00bb text_font_size_last_edited=\u00bbon|phone\u00bb text_line_height_tablet=\u00bb2rem\u00bb text_line_height_phone=\u00bb1.7rem\u00bb text_line_height_last_edited=\u00bbon|tablet\u00bb custom_css_main_element=\u00bbdisplay: inline-block;\u00bb global_colors_info=\u00bb{}\u00bb]<\/p>\n<p>Fundaci\u00f3n Ni\u00f1os con Valor<\/p>\n<p>[\/et_pb_text][et_pb_text _builder_version=\u00bb4.22.1&#8243; _module_preset=\u00bbdefault\u00bb text_font=\u00bbMontserrat||||||||\u00bb text_text_color=\u00bb#FFFFFF\u00bb text_font_size=\u00bb1.2rem\u00bb text_line_height=\u00bb1.7rem\u00bb text_orientation=\u00bbjustified\u00bb text_font_size_tablet=\u00bb1rem\u00bb text_font_size_phone=\u00bb0.9rem\u00bb text_font_size_last_edited=\u00bbon|phone\u00bb text_line_height_tablet=\u00bb1.4rem\u00bb text_line_height_phone=\u00bb1.3rem\u00bb text_line_height_last_edited=\u00bbon|tablet\u00bb global_colors_info=\u00bb{}\u00bb]<\/p>\n<p>Ni\u00f1os con Valor busca traer esperanza, sanidad y dignidad a los ni\u00f1os necesitados.<br \/>Est\u00e1n al cuidado de ni\u00f1os, ni\u00f1as y adolescentes que nacieron en situaciones de abuso, negligencia o discriminaci\u00f3n, y en la mayor\u00eda de los casos, sus padres tienen antecedentes similares. El objetivo que tiene el hogar es trabajar con ellos y, cuando sea posible, con sus familias, para garantizar que estos ciclos se rompan y que las generaciones futuras experimenten m\u00e1s esperanza y oportunidad. Llenar las necesidades f\u00edsicas, emocionales y espirituales de ni\u00f1os con dificultades y, muchas veces con un pasado traum\u00e1tico, facult\u00e1ndoles para sobreponerse a sus circunstancias actuales, lograr su m\u00e1ximo potencial, y poder compartir con otros ni\u00f1os los valores y habilidades adquiridos.<\/p>\n<p><strong>Necesidad de apoyo<\/strong><br \/>Pa\u00f1ales, higiene, alimentos perecederos, abarrotes y medicamentos. Cosas b\u00e1sicas de las caracteristicas de los ni\u00f1os actualmente.<\/p>\n<p><strong>Ni\u00f1os<\/strong><br \/>39 ni\u00f1os.<\/p>\n<p>[\/et_pb_text][\/et_pb_column][\/et_pb_row][\/et_pb_section][et_pb_section fb_built=\u00bb1&#8243; custom_padding_last_edited=\u00bbon|phone\u00bb _builder_version=\u00bb4.22.1&#8243; _module_preset=\u00bbdefault\u00bb background_color=\u00bb#80cbb2&#8243; background_image=\u00bbhttps:\/\/manaco.com.bo\/founders-day\/wp-content\/uploads\/2023\/09\/Asset-61.png\u00bb custom_padding=\u00bb37px||37px||true|\u00bb custom_padding_tablet=\u00bb77px||77px||true|false\u00bb custom_padding_phone=\u00bb47px||47px||true|false\u00bb global_colors_info=\u00bb{}\u00bb][et_pb_row use_custom_gutter=\u00bbon\u00bb gutter_width=\u00bb2&#8243; _builder_version=\u00bb4.22.1&#8243; _module_preset=\u00bbdefault\u00bb custom_padding=\u00bb0px||0px||true|\u00bb global_colors_info=\u00bb{}\u00bb][et_pb_column type=\u00bb4_4&#8243; _builder_version=\u00bb4.22.1&#8243; _module_preset=\u00bbdefault\u00bb global_colors_info=\u00bb{}\u00bb][et_pb_text _builder_version=\u00bb4.22.1&#8243; _module_preset=\u00bbdefault\u00bb text_font=\u00bbMontserrat|700|||||||\u00bb text_text_color=\u00bb#e81f27&#8243; text_font_size=\u00bb2.5rem\u00bb text_line_height=\u00bb2.7rem\u00bb background_color=\u00bb#FFFFFF\u00bb custom_margin=\u00bb||18px|||\u00bb custom_padding=\u00bb4px|10px|4px|10px|true|true\u00bb text_font_size_tablet=\u00bb2rem\u00bb text_font_size_phone=\u00bb1.7rem\u00bb text_font_size_last_edited=\u00bbon|phone\u00bb text_line_height_tablet=\u00bb2rem\u00bb text_line_height_phone=\u00bb1.7rem\u00bb text_line_height_last_edited=\u00bbon|tablet\u00bb custom_css_main_element=\u00bbdisplay: inline-block;\u00bb global_colors_info=\u00bb{}\u00bb]<\/p>\n<p>Centro de ni\u00f1os El Arca de Jes\u00fas<\/p>\n<p>[\/et_pb_text][et_pb_text _builder_version=\u00bb4.22.1&#8243; _module_preset=\u00bbdefault\u00bb text_font=\u00bbMontserrat||||||||\u00bb text_text_color=\u00bb#FFFFFF\u00bb text_font_size=\u00bb1.2rem\u00bb text_line_height=\u00bb1.7rem\u00bb text_orientation=\u00bbjustified\u00bb text_font_size_tablet=\u00bb1rem\u00bb text_font_size_phone=\u00bb0.9rem\u00bb text_font_size_last_edited=\u00bbon|phone\u00bb text_line_height_tablet=\u00bb1.4rem\u00bb text_line_height_phone=\u00bb1.3rem\u00bb text_line_height_last_edited=\u00bbon|tablet\u00bb global_colors_info=\u00bb{}\u00bb]<\/p>\n<p>Centro de ni\u00f1os en calidad de abandono, de procesos legales. Es un hogar de acogida que cuida a ni\u00f1os que sufrieron violencia sexual, psicol\u00f3gica, f\u00edsica o se encuentran en procesos legales contra sus progenitores por la custodia.<\/p>\n<p><strong>Necesidad de apoyo<\/strong><br \/>Compra de lavadora de 17 kg para la ropa de los ni\u00f1os (Bs 4000) y arreglo de mesitas y sillas comunes donde hacen tareas y comen (Bs 2000).<\/p>\n<p><strong>Ni\u00f1os<\/strong><br \/>31 ni\u00f1os.<\/p>\n<p>[\/et_pb_text][\/et_pb_column][\/et_pb_row][\/et_pb_section][et_pb_section fb_built=\u00bb1&#8243; custom_padding_last_edited=\u00bbon|phone\u00bb _builder_version=\u00bb4.22.1&#8243; _module_preset=\u00bbdefault\u00bb background_color=\u00bb#80cbb2&#8243; background_image=\u00bbhttps:\/\/manaco.com.bo\/founders-day\/wp-content\/uploads\/2023\/09\/Asset-62.png\u00bb custom_padding=\u00bb37px||37px||true|\u00bb custom_padding_tablet=\u00bb77px||77px||true|false\u00bb custom_padding_phone=\u00bb47px||47px||true|false\u00bb global_colors_info=\u00bb{}\u00bb][et_pb_row use_custom_gutter=\u00bbon\u00bb gutter_width=\u00bb2&#8243; _builder_version=\u00bb4.22.1&#8243; _module_preset=\u00bbdefault\u00bb custom_padding=\u00bb0px||0px||true|\u00bb global_colors_info=\u00bb{}\u00bb][et_pb_column type=\u00bb4_4&#8243; _builder_version=\u00bb4.22.1&#8243; _module_preset=\u00bbdefault\u00bb global_colors_info=\u00bb{}\u00bb][et_pb_text _builder_version=\u00bb4.22.1&#8243; _module_preset=\u00bbdefault\u00bb text_font=\u00bbMontserrat|700|||||||\u00bb text_text_color=\u00bb#33b7d5&#8243; text_font_size=\u00bb2.5rem\u00bb text_line_height=\u00bb2.7rem\u00bb background_color=\u00bb#FFFFFF\u00bb custom_margin=\u00bb||18px|||\u00bb custom_padding=\u00bb4px|10px|4px|10px|true|true\u00bb text_font_size_tablet=\u00bb2rem\u00bb text_font_size_phone=\u00bb1.7rem\u00bb text_font_size_last_edited=\u00bbon|phone\u00bb text_line_height_tablet=\u00bb2rem\u00bb text_line_height_phone=\u00bb1.7rem\u00bb text_line_height_last_edited=\u00bbon|tablet\u00bb custom_css_main_element=\u00bbdisplay: inline-block;\u00bb global_colors_info=\u00bb{}\u00bb]<\/p>\n<p>Centro Puntiti<\/p>\n<p>[\/et_pb_text][et_pb_text _builder_version=\u00bb4.22.1&#8243; _module_preset=\u00bbdefault\u00bb text_font=\u00bbMontserrat||||||||\u00bb text_text_color=\u00bb#FFFFFF\u00bb text_font_size=\u00bb1.2rem\u00bb text_line_height=\u00bb1.7rem\u00bb text_orientation=\u00bbjustified\u00bb text_font_size_tablet=\u00bb1rem\u00bb text_font_size_phone=\u00bb0.9rem\u00bb text_font_size_last_edited=\u00bbon|phone\u00bb text_line_height_tablet=\u00bb1.4rem\u00bb text_line_height_phone=\u00bb1.3rem\u00bb text_line_height_last_edited=\u00bbon|tablet\u00bb global_colors_info=\u00bb{}\u00bb]<\/p>\n<p>Centro que ayuda a ni\u00f1os con discapacidad mental y m\u00faltiple en grado profundo y severo en calidad de orfandad y abandono.<\/p>\n<p><strong>Necesidad de apoyo<\/strong><br \/>Dotaci\u00f3n de 100 paquetes de pa\u00f1ales de adulto Plenitud talla M (cada paquete contiene 20 pa\u00f1ales), principal necesidad del centro. (Cada paquete precio al por mayor Bs 123.2).<\/p>\n<p><strong>Ni\u00f1os<\/strong><br \/>57 ni\u00f1os.<\/p>\n<p>[\/et_pb_text][\/et_pb_column][\/et_pb_row][\/et_pb_section][et_pb_section fb_built=\u00bb1&#8243; custom_padding_last_edited=\u00bbon|phone\u00bb _builder_version=\u00bb4.22.1&#8243; _module_preset=\u00bbdefault\u00bb background_color=\u00bb#80cbb2&#8243; background_image=\u00bbhttps:\/\/manaco.com.bo\/founders-day\/wp-content\/uploads\/2023\/09\/Asset-63.png\u00bb custom_padding=\u00bb37px||37px||true|\u00bb custom_padding_tablet=\u00bb77px||77px||true|false\u00bb custom_padding_phone=\u00bb47px||47px||true|false\u00bb global_colors_info=\u00bb{}\u00bb][et_pb_row use_custom_gutter=\u00bbon\u00bb gutter_width=\u00bb2&#8243; _builder_version=\u00bb4.22.1&#8243; _module_preset=\u00bbdefault\u00bb custom_padding=\u00bb0px||0px||true|\u00bb global_colors_info=\u00bb{}\u00bb][et_pb_column type=\u00bb4_4&#8243; _builder_version=\u00bb4.22.1&#8243; _module_preset=\u00bbdefault\u00bb global_colors_info=\u00bb{}\u00bb][et_pb_text _builder_version=\u00bb4.22.1&#8243; _module_preset=\u00bbdefault\u00bb text_font=\u00bbMontserrat|700|||||||\u00bb text_text_color=\u00bb#f38c54&#8243; text_font_size=\u00bb2.5rem\u00bb text_line_height=\u00bb2.7rem\u00bb background_color=\u00bb#FFFFFF\u00bb custom_margin=\u00bb||18px|||\u00bb custom_padding=\u00bb4px|10px|4px|10px|true|true\u00bb text_font_size_tablet=\u00bb2rem\u00bb text_font_size_phone=\u00bb1.7rem\u00bb text_font_size_last_edited=\u00bbon|phone\u00bb text_line_height_tablet=\u00bb2rem\u00bb text_line_height_phone=\u00bb1.7rem\u00bb text_line_height_last_edited=\u00bbon|tablet\u00bb custom_css_main_element=\u00bbdisplay: inline-block;\u00bb global_colors_info=\u00bb{}\u00bb]<\/p>\n<p>Salomon Klein<\/p>\n<p>[\/et_pb_text][et_pb_text _builder_version=\u00bb4.22.1&#8243; _module_preset=\u00bbdefault\u00bb text_font=\u00bbMontserrat||||||||\u00bb text_text_color=\u00bb#FFFFFF\u00bb text_font_size=\u00bb1.2rem\u00bb text_line_height=\u00bb1.7rem\u00bb text_orientation=\u00bbjustified\u00bb text_font_size_tablet=\u00bb1rem\u00bb text_font_size_phone=\u00bb0.9rem\u00bb text_font_size_last_edited=\u00bbon|phone\u00bb text_line_height_tablet=\u00bb1.4rem\u00bb text_line_height_phone=\u00bb1.3rem\u00bb text_line_height_last_edited=\u00bbon|tablet\u00bb global_colors_info=\u00bb{}\u00bb]<\/p>\n<p>Hogar que brinda apoyo, albergue y cuidado de ni\u00f1os en situaci\u00f3n de orfandad y abandono.<\/p>\n<p><strong>Necesidad de apoyo<\/strong><br \/>Leche NAN 1 para neonatos, pa\u00f1ales de tela, franelas desechables y tela para s\u00e1banas y mantas para beb\u00e9s.<\/p>\n<p><strong>Ni\u00f1os<\/strong><br \/>89 ni\u00f1os.<\/p>\n<p>[\/et_pb_text][\/et_pb_column][\/et_pb_row][\/et_pb_section]<\/p>\n","protected":false},"excerpt":{"rendered":"<p>BeneficiariosHogares de ni\u00f1os que ser\u00e1n beneficiadosTu aporte har\u00e1 una gran diferencia en la vida de m\u00e1s de 230ni\u00f1os en situaciones vulnerables.Mosoj YanQue en quechua significa: Camino Nuevo, es un programa cristiano que apoya procesos de cambio de ni\u00f1as y adolescentes quienes, por las precarias condiciones ec\u00f3nomicas de sus familias, se ven obligadas a trabajar desde [&hellip;]<\/p>\n","protected":false},"author":1,"featured_media":0,"parent":0,"menu_order":0,"comment_status":"closed","ping_status":"closed","template":"","meta":{"_et_pb_use_builder":"on","_et_pb_old_content":"","_et_gb_content_width":"","inline_featured_image":false,"footnotes":""},"class_list":["post-141","page","type-page","status-publish","hentry"],"_links":{"self":[{"href":"https:\/\/manaco.com.bo\/founders-day\/wp-json\/wp\/v2\/pages\/141","targetHints":{"allow":["GET"]}}],"collection":[{"href":"https:\/\/manaco.com.bo\/founders-day\/wp-json\/wp\/v2\/pages"}],"about":[{"href":"https:\/\/manaco.com.bo\/founders-day\/wp-json\/wp\/v2\/types\/page"}],"author":[{"embeddable":true,"href":"https:\/\/manaco.com.bo\/founders-day\/wp-json\/wp\/v2\/users\/1"}],"replies":[{"embeddable":true,"href":"https:\/\/manaco.com.bo\/founders-day\/wp-json\/wp\/v2\/comments?post=141"}],"version-history":[{"count":9,"href":"https:\/\/manaco.com.bo\/founders-day\/wp-json\/wp\/v2\/pages\/141\/revisions"}],"predecessor-version":[{"id":219,"href":"https:\/\/manaco.com.bo\/founders-day\/wp-json\/wp\/v2\/pages\/141\/revisions\/219"}],"wp:attachment":[{"href":"https:\/\/manaco.com.bo\/founders-day\/wp-json\/wp\/v2\/media?parent=141"}],"curies":[{"name":"wp","href":"https:\/\/api.w.org\/{rel}","templated":true}]}}