{"id":71,"date":"2023-09-07T07:23:11","date_gmt":"2023-09-07T05:23:11","guid":{"rendered":"https:\/\/manaco.com.bo\/founders-day\/?page_id=71"},"modified":"2023-09-12T19:24:09","modified_gmt":"2023-09-12T17:24:09","slug":"home","status":"publish","type":"page","link":"https:\/\/manaco.com.bo\/founders-day\/","title":{"rendered":"Home"},"content":{"rendered":"<p>[et_pb_section fb_built=\u00bb1&#8243; _builder_version=\u00bb4.22.1&#8243; _module_preset=\u00bbdefault\u00bb background_color=\u00bb#ea1f27&#8243; custom_padding=\u00bb5em||5em||true|false\u00bb global_colors_info=\u00bb{}\u00bb][et_pb_row _builder_version=\u00bb4.22.1&#8243; _module_preset=\u00bbdefault\u00bb global_colors_info=\u00bb{}\u00bb][et_pb_column type=\u00bb4_4&#8243; _builder_version=\u00bb4.22.1&#8243; _module_preset=\u00bbdefault\u00bb global_colors_info=\u00bb{}\u00bb][et_pb_image src=\u00bbhttps:\/\/manaco.com.bo\/founders-day\/wp-content\/uploads\/2023\/09\/Asset-1.svg\u00bb title_text=\u00bbAsset 1&#8243; align=\u00bbcenter\u00bb _builder_version=\u00bb4.22.1&#8243; _module_preset=\u00bbdefault\u00bb max_height=\u00bb300px\u00bb hover_enabled=\u00bb0&#8243; global_colors_info=\u00bb{}\u00bb max_height_last_edited=\u00bbon|phone\u00bb sticky_enabled=\u00bb0&#8243; max_height_tablet=\u00bb200px\u00bb max_height_phone=\u00bb157px\u00bb][\/et_pb_image][\/et_pb_column][\/et_pb_row][\/et_pb_section][et_pb_section fb_built=\u00bb1&#8243; _builder_version=\u00bb4.22.1&#8243; _module_preset=\u00bbdefault\u00bb background_color=\u00bb#80cbb2&#8243; global_colors_info=\u00bb{}\u00bb][et_pb_row column_structure=\u00bb1_2,1_2&#8243; use_custom_gutter=\u00bbon\u00bb gutter_width=\u00bb2&#8243; _builder_version=\u00bb4.22.1&#8243; _module_preset=\u00bbdefault\u00bb global_colors_info=\u00bb{}\u00bb][et_pb_column type=\u00bb1_2&#8243; _builder_version=\u00bb4.22.1&#8243; _module_preset=\u00bbdefault\u00bb global_colors_info=\u00bb{}\u00bb][et_pb_text _builder_version=\u00bb4.22.1&#8243; _module_preset=\u00bbdefault\u00bb text_font=\u00bbMontserrat|700|||||||\u00bb text_text_color=\u00bb#FFFFFF\u00bb text_font_size=\u00bb2.5rem\u00bb text_line_height=\u00bb2.7rem\u00bb custom_margin=\u00bb||18px|||\u00bb text_font_size_tablet=\u00bb2rem\u00bb text_font_size_phone=\u00bb2rem\u00bb text_font_size_last_edited=\u00bbon|tablet\u00bb text_line_height_tablet=\u00bb2rem\u00bb text_line_height_phone=\u00bb2rem\u00bb text_line_height_last_edited=\u00bbon|tablet\u00bb global_colors_info=\u00bb{}\u00bb]<\/p>\n<p>\u00bfQu\u00e9 es el Founder\u2019s Day de Bata?<\/p>\n<p>[\/et_pb_text][et_pb_text _builder_version=\u00bb4.22.1&#8243; _module_preset=\u00bbdefault\u00bb text_font=\u00bbMontserrat||||||||\u00bb text_text_color=\u00bb#FFFFFF\u00bb text_font_size=\u00bb1.2rem\u00bb text_line_height=\u00bb1.7rem\u00bb text_orientation=\u00bbjustified\u00bb text_font_size_tablet=\u00bb1rem\u00bb text_font_size_phone=\u00bb1rem\u00bb text_font_size_last_edited=\u00bbon|tablet\u00bb text_line_height_tablet=\u00bb1.2rem\u00bb text_line_height_phone=\u00bb1.2rem\u00bb text_line_height_last_edited=\u00bbon|tablet\u00bb global_colors_info=\u00bb{}\u00bb]<\/p>\n<p>El 21 de septiembre de cada a\u00f1o celebramos el <b>aniversario de Bata, fundada en 1894.<\/b> Todo el mes, nuestro equipo mundial, presente en m\u00e1s de 30 pa\u00edses, se une <strong>en una misi\u00f3n com\u00fan: tener un impacto positivo en nuestras comunidades<\/strong> a trav\u00e9s de la fundaci\u00f3n <strong>Bata Children\u2019s Program.<\/strong><\/p>\n<p><strong>Tenemos un compromiso con el futuro de Bolivia,<\/strong> donde estamos presentes desde 1940 y estamos orgullosos de formar parte de una corporaci\u00f3n que nos impulsa a ir <strong>m\u00e1s all\u00e1 de los objetivos comerciales para retribuir a la sociedad.<\/strong><\/p>\n<p>[\/et_pb_text][\/et_pb_column][et_pb_column type=\u00bb1_2&#8243; _builder_version=\u00bb4.22.1&#8243; _module_preset=\u00bbdefault\u00bb global_colors_info=\u00bb{}\u00bb][et_pb_image src=\u00bbhttps:\/\/manaco.com.bo\/founders-day\/wp-content\/uploads\/2023\/09\/Asset-22.png\u00bb title_text=\u00bbAsset 22&#8243; force_fullwidth=\u00bbon\u00bb _builder_version=\u00bb4.22.1&#8243; _module_preset=\u00bbdefault\u00bb global_colors_info=\u00bb{}\u00bb][\/et_pb_image][\/et_pb_column][\/et_pb_row][\/et_pb_section][et_pb_section fb_built=\u00bb1&#8243; _builder_version=\u00bb4.22.1&#8243; _module_preset=\u00bbdefault\u00bb global_colors_info=\u00bb{}\u00bb][et_pb_row _builder_version=\u00bb4.22.1&#8243; _module_preset=\u00bbdefault\u00bb custom_padding=\u00bb0px||0px|||\u00bb global_colors_info=\u00bb{}\u00bb][et_pb_column type=\u00bb4_4&#8243; _builder_version=\u00bb4.22.1&#8243; _module_preset=\u00bbdefault\u00bb global_colors_info=\u00bb{}\u00bb][et_pb_image src=\u00bbhttps:\/\/manaco.com.bo\/founders-day\/wp-content\/uploads\/2023\/09\/Asset-23.png\u00bb title_text=\u00bbAsset 23&#8243; align=\u00bbcenter\u00bb _builder_version=\u00bb4.22.1&#8243; _module_preset=\u00bbdefault\u00bb max_height=\u00bb147px\u00bb global_colors_info=\u00bb{}\u00bb][\/et_pb_image][\/et_pb_column][\/et_pb_row][\/et_pb_section][et_pb_section fb_built=\u00bb1&#8243; _builder_version=\u00bb4.22.1&#8243; _module_preset=\u00bbdefault\u00bb background_color=\u00bb#ea88b7&#8243; global_colors_info=\u00bb{}\u00bb][et_pb_row column_structure=\u00bb1_2,1_2&#8243; use_custom_gutter=\u00bbon\u00bb gutter_width=\u00bb2&#8243; _builder_version=\u00bb4.22.1&#8243; _module_preset=\u00bbdefault\u00bb global_colors_info=\u00bb{}\u00bb][et_pb_column type=\u00bb1_2&#8243; _builder_version=\u00bb4.22.1&#8243; _module_preset=\u00bbdefault\u00bb global_colors_info=\u00bb{}\u00bb][et_pb_image src=\u00bbhttps:\/\/manaco.com.bo\/founders-day\/wp-content\/uploads\/2023\/09\/Asset-24.png\u00bb title_text=\u00bbAsset 24&#8243; force_fullwidth=\u00bbon\u00bb _builder_version=\u00bb4.22.1&#8243; _module_preset=\u00bbdefault\u00bb global_colors_info=\u00bb{}\u00bb][\/et_pb_image][\/et_pb_column][et_pb_column type=\u00bb1_2&#8243; _builder_version=\u00bb4.22.1&#8243; _module_preset=\u00bbdefault\u00bb global_colors_info=\u00bb{}\u00bb][et_pb_text _builder_version=\u00bb4.22.1&#8243; _module_preset=\u00bbdefault\u00bb text_font=\u00bbMontserrat|700|||||||\u00bb text_text_color=\u00bb#FFFFFF\u00bb text_font_size=\u00bb2.5rem\u00bb text_line_height=\u00bb2.7rem\u00bb custom_margin=\u00bb||18px|||\u00bb text_font_size_tablet=\u00bb2rem\u00bb text_font_size_phone=\u00bb2rem\u00bb text_font_size_last_edited=\u00bbon|tablet\u00bb text_line_height_tablet=\u00bb2rem\u00bb text_line_height_phone=\u00bb2rem\u00bb text_line_height_last_edited=\u00bbon|tablet\u00bb global_colors_info=\u00bb{}\u00bb]\u00bfQu\u00e9 es el Bata Children\u2019s Program (BCP)?[\/et_pb_text][et_pb_text _builder_version=\u00bb4.22.1&#8243; _module_preset=\u00bbdefault\u00bb text_font=\u00bbMontserrat||||||||\u00bb text_text_color=\u00bb#FFFFFF\u00bb text_font_size=\u00bb1.2rem\u00bb text_line_height=\u00bb1.7rem\u00bb text_orientation=\u00bbjustified\u00bb text_font_size_tablet=\u00bb1rem\u00bb text_font_size_phone=\u00bb1rem\u00bb text_font_size_last_edited=\u00bbon|tablet\u00bb text_line_height_tablet=\u00bb1.2rem\u00bb text_line_height_phone=\u00bb1.2rem\u00bb text_line_height_last_edited=\u00bbon|tablet\u00bb global_colors_info=\u00bb{}\u00bb]<\/p>\n<p>Es nuestro <strong>programa mundial de Responsabilidad<\/strong> Social Empresarial, enfocado en <strong>ayudar a ni\u00f1os y ni\u00f1as en situaciones vulnerables.<\/strong><\/p>\n<p>Los ni\u00f1os son el futuro de nuestra sociedad. Por ello, <strong>necesitan crecer en un entorno seguro y saludable para alcanzar su mayor potencial.<\/strong><\/p>\n<p>[\/et_pb_text][\/et_pb_column][\/et_pb_row][\/et_pb_section]<\/p>\n","protected":false},"excerpt":{"rendered":"<p>\u00bfQu\u00e9 es el Founder\u2019s Day de Bata?El 21 de septiembre de cada a\u00f1o celebramos el aniversario de Bata, fundada en 1894. Todo el mes, nuestro equipo mundial, presente en m\u00e1s de 30 pa\u00edses, se une en una misi\u00f3n com\u00fan: tener un impacto positivo en nuestras comunidades a trav\u00e9s de la fundaci\u00f3n Bata Children\u2019s Program. Tenemos [&hellip;]<\/p>\n","protected":false},"author":1,"featured_media":0,"parent":0,"menu_order":0,"comment_status":"closed","ping_status":"closed","template":"","meta":{"_et_pb_use_builder":"on","_et_pb_old_content":"","_et_gb_content_width":"","inline_featured_image":false,"footnotes":""},"class_list":["post-71","page","type-page","status-publish","hentry"],"_links":{"self":[{"href":"https:\/\/manaco.com.bo\/founders-day\/wp-json\/wp\/v2\/pages\/71","targetHints":{"allow":["GET"]}}],"collection":[{"href":"https:\/\/manaco.com.bo\/founders-day\/wp-json\/wp\/v2\/pages"}],"about":[{"href":"https:\/\/manaco.com.bo\/founders-day\/wp-json\/wp\/v2\/types\/page"}],"author":[{"embeddable":true,"href":"https:\/\/manaco.com.bo\/founders-day\/wp-json\/wp\/v2\/users\/1"}],"replies":[{"embeddable":true,"href":"https:\/\/manaco.com.bo\/founders-day\/wp-json\/wp\/v2\/comments?post=71"}],"version-history":[{"count":9,"href":"https:\/\/manaco.com.bo\/founders-day\/wp-json\/wp\/v2\/pages\/71\/revisions"}],"predecessor-version":[{"id":273,"href":"https:\/\/manaco.com.bo\/founders-day\/wp-json\/wp\/v2\/pages\/71\/revisions\/273"}],"wp:attachment":[{"href":"https:\/\/manaco.com.bo\/founders-day\/wp-json\/wp\/v2\/media?parent=71"}],"curies":[{"name":"wp","href":"https:\/\/api.w.org\/{rel}","templated":true}]}}